{"id":1220,"date":"2024-08-15T18:42:29","date_gmt":"2024-08-15T16:42:29","guid":{"rendered":"https:\/\/myidziemy.pl\/?page_id=1220"},"modified":"2024-11-24T20:44:46","modified_gmt":"2024-11-24T19:44:46","slug":"galeria-2","status":"publish","type":"page","link":"https:\/\/myidziemy.pl\/index.php\/galeria-2\/","title":{"rendered":"Galeria"},"content":{"rendered":"<p>[et_pb_section fb_built=&#8221;1&#8243; custom_padding_last_edited=&#8221;on|tablet&#8221; admin_label=&#8221;Hero&#8221; _builder_version=&#8221;3.22&#8243; use_background_color_gradient=&#8221;on&#8221; background_color_gradient_start=&#8221;#F0EDEE&#8221; background_color_gradient_end=&#8221;#F9F6F5&#8243; background_color_gradient_direction=&#8221;90deg&#8221; background_color_gradient_start_position=&#8221;65%&#8221; background_color_gradient_end_position=&#8221;0%&#8221; background_size=&#8221;initial&#8221; background_position=&#8221;top_left&#8221; background_repeat=&#8221;repeat&#8221; custom_margin=&#8221;|||&#8221; custom_padding=&#8221;6vw|0px|0px|0px|false|false&#8221; custom_padding_tablet=&#8221;0vw|||&#8221; custom_padding_phone=&#8221;&#8221; global_colors_info=&#8221;{}&#8221;][et_pb_row column_structure=&#8221;1_2,1_2&#8243; make_equal=&#8221;on&#8221; disabled_on=&#8221;off|off|off&#8221; _builder_version=&#8221;4.0.9&#8243; width=&#8221;100%&#8221; max_width=&#8221;100%&#8221; custom_padding=&#8221;0px|0px|0px|0px|true|true&#8221; use_custom_width=&#8221;on&#8221; width_unit=&#8221;off&#8221; custom_width_percent=&#8221;100%&#8221; global_colors_info=&#8221;{}&#8221;][et_pb_column type=&#8221;1_2&#8243; _builder_version=&#8221;4.0.9&#8243; use_background_color_gradient=&#8221;on&#8221; background_color_gradient_start=&#8221;rgba(222,213,216,0.1)&#8221; background_color_gradient_end=&#8221;rgba(222,213,216,0.7)&#8221; background_color_gradient_direction=&#8221;30deg&#8221; background_color_gradient_overlays_image=&#8221;on&#8221; background_image=&#8221;http:\/\/myidziemy.pl\/wp-content\/uploads\/2020\/01\/1.jpg&#8221; custom_padding=&#8221;|||&#8221; global_colors_info=&#8221;{}&#8221; custom_padding__hover=&#8221;|||&#8221;][et_pb_divider show_divider=&#8221;off&#8221; _builder_version=&#8221;4.0.9&#8243; height=&#8221;20vw&#8221; global_colors_info=&#8221;{}&#8221;][\/et_pb_divider][\/et_pb_column][et_pb_column type=&#8221;1_2&#8243; _builder_version=&#8221;4.0.9&#8243; custom_padding=&#8221;10vw||10vw|&#8221; custom_padding_tablet=&#8221;|10%||10%||true&#8221; custom_padding_phone=&#8221;&#8221; custom_padding_last_edited=&#8221;on|tablet&#8221; global_colors_info=&#8221;{}&#8221; padding_tablet=&#8221;|10%||10%||true&#8221; padding_last_edited=&#8221;on|tablet&#8221; custom_padding__hover=&#8221;|||&#8221;][et_pb_text _builder_version=&#8221;4.9.7&#8243; text_font=&#8221;||||||||&#8221; text_text_color=&#8221;#ed1163&#8243; text_font_size=&#8221;16px&#8221; text_line_height=&#8221;2em&#8221; header_font=&#8221;Literata|500||on|||||&#8221; header_text_color=&#8221;#ed1163&#8243; header_font_size=&#8221;6vw&#8221; header_letter_spacing=&#8221;0.05em&#8221; header_line_height=&#8221;1.2em&#8221; header_5_font=&#8221;Literata|700||on|||||&#8221; header_5_text_color=&#8221;#898ea2&#8243; header_5_font_size=&#8221;26px&#8221; header_5_letter_spacing=&#8221;10px&#8221; header_5_line_height=&#8221;1.4em&#8221; header_6_font=&#8221;Literata|700||on|||||&#8221; header_6_text_color=&#8221;#d39b86&#8243; header_6_font_size=&#8221;16px&#8221; header_6_letter_spacing=&#8221;5px&#8221; header_6_line_height=&#8221;1.5em&#8221; text_orientation=&#8221;right&#8221; custom_margin=&#8221;|10vw||-20vw&#8221; custom_margin_tablet=&#8221;|0%||0%||true&#8221; custom_margin_phone=&#8221;|||&#8221; custom_margin_last_edited=&#8221;on|phone&#8221; custom_padding=&#8221;|||&#8221; custom_padding_last_edited=&#8221;off|desktop&#8221; animation_style=&#8221;slide&#8221; animation_direction=&#8221;left&#8221; animation_intensity_slide=&#8221;2%&#8221; header_font_size_tablet=&#8221;70px&#8221; header_font_size_phone=&#8221;40px&#8221; header_font_size_last_edited=&#8221;on|phone&#8221; header_line_height_tablet=&#8221;&#8221; header_line_height_phone=&#8221;1.5em&#8221; header_line_height_last_edited=&#8221;on|phone&#8221; header_5_font_size_tablet=&#8221;&#8221; header_5_font_size_phone=&#8221;18px&#8221; header_5_font_size_last_edited=&#8221;on|phone&#8221; locked=&#8221;off&#8221; global_colors_info=&#8221;{}&#8221;]<\/p>\n<h5><span style=\"color: #002570;\">Idzie.my<\/span><\/h5>\n<h1>Galeria<\/h1>\n<p>[\/et_pb_text][\/et_pb_column][\/et_pb_row][et_pb_row _builder_version=&#8221;4.0.9&#8243; global_colors_info=&#8221;{}&#8221;][et_pb_column type=&#8221;4_4&#8243; _builder_version=&#8221;4.0.9&#8243; global_colors_info=&#8221;{}&#8221;][et_pb_text _builder_version=&#8221;4.0.9&#8243; global_colors_info=&#8221;{}&#8221;]<\/p>\n<h1>Spacer<\/h1>\n<p>[\/et_pb_text][\/et_pb_column][\/et_pb_row][et_pb_row _builder_version=&#8221;4.0.9&#8243; global_colors_info=&#8221;{}&#8221;][et_pb_column type=&#8221;4_4&#8243; _builder_version=&#8221;4.0.9&#8243; global_colors_info=&#8221;{}&#8221;][et_pb_gallery gallery_ids=&#8221;92,206,236,196,784,304,96&#8243; show_title_and_caption=&#8221;off&#8221; _builder_version=&#8221;4.10.5&#8243; global_colors_info=&#8221;{}&#8221;][\/et_pb_gallery][et_pb_text _builder_version=&#8221;4.0.9&#8243; global_colors_info=&#8221;{}&#8221;]<\/p>\n<h1>Gra terenowa<\/h1>\n<p>[\/et_pb_text][\/et_pb_column][\/et_pb_row][et_pb_row _builder_version=&#8221;4.0.9&#8243; global_colors_info=&#8221;{}&#8221;][et_pb_column type=&#8221;4_4&#8243; _builder_version=&#8221;4.0.9&#8243; global_colors_info=&#8221;{}&#8221;][et_pb_gallery gallery_ids=&#8221;206,54,236,234,797,793,276&#8243; show_title_and_caption=&#8221;off&#8221; _builder_version=&#8221;4.10.5&#8243; global_colors_info=&#8221;{}&#8221;][\/et_pb_gallery][\/et_pb_column][\/et_pb_row][et_pb_row _builder_version=&#8221;4.0.9&#8243; global_colors_info=&#8221;{}&#8221;][et_pb_column type=&#8221;4_4&#8243; _builder_version=&#8221;4.0.9&#8243; global_colors_info=&#8221;{}&#8221;][et_pb_text _builder_version=&#8221;4.0.9&#8243; global_colors_info=&#8221;{}&#8221;]<\/p>\n<h1>Warsztaty<\/h1>\n<p>[\/et_pb_text][et_pb_gallery gallery_ids=&#8221;237,235,201,198,798&#8243; show_title_and_caption=&#8221;off&#8221; _builder_version=&#8221;4.10.5&#8243; global_colors_info=&#8221;{}&#8221;][\/et_pb_gallery][\/et_pb_column][\/et_pb_row][\/et_pb_section][et_pb_section fb_built=&#8221;1&#8243; custom_padding_last_edited=&#8221;off|desktop&#8221; admin_label=&#8221;Footer&#8221; _builder_version=&#8221;3.22&#8243; use_background_color_gradient=&#8221;on&#8221; background_color_gradient_start=&#8221;#F0EDEE&#8221; background_color_gradient_end=&#8221;#F9F6F5&#8243; background_color_gradient_direction=&#8221;90deg&#8221; background_color_gradient_start_position=&#8221;65%&#8221; background_color_gradient_end_position=&#8221;0%&#8221; custom_padding=&#8221;100px|0px|0|0px|false|false&#8221; custom_padding_tablet=&#8221;0px|||&#8221; custom_padding_phone=&#8221;0px|||&#8221; global_colors_info=&#8221;{}&#8221;][et_pb_row custom_padding_last_edited=&#8221;on|phone&#8221; module_class=&#8221; et_pb_row_fullwidth&#8221; _builder_version=&#8221;4.0.9&#8243; background_color_gradient_direction=&#8221;90deg&#8221; background_image=&#8221;http:\/\/myidziemy.pl\/wp-content\/uploads\/2020\/02\/b9.jpg&#8221; background_position=&#8221;bottom_center&#8221; width=&#8221;89%&#8221; width_tablet=&#8221;80%&#8221; width_phone=&#8221;&#8221; width_last_edited=&#8221;on|desktop&#8221; max_width=&#8221;89%&#8221; max_width_tablet=&#8221;80%&#8221; max_width_phone=&#8221;&#8221; max_width_last_edited=&#8221;on|desktop&#8221; custom_padding=&#8221;200px|40px|200px|40px|true|true&#8221; custom_padding_tablet=&#8221;&#8221; custom_padding_phone=&#8221;60px||60px||true&#8221; animation_style=&#8221;slide&#8221; animation_direction=&#8221;bottom&#8221; animation_intensity_slide=&#8221;20%&#8221; animation_starting_opacity=&#8221;100%&#8221; make_fullwidth=&#8221;on&#8221; global_colors_info=&#8221;{}&#8221;][et_pb_column type=&#8221;4_4&#8243; _builder_version=&#8221;3.25&#8243; custom_padding=&#8221;|||&#8221; global_colors_info=&#8221;{}&#8221; custom_padding__hover=&#8221;|||&#8221;][et_pb_text _builder_version=&#8221;4.9.7&#8243; text_font=&#8221;||||||||&#8221; header_font=&#8221;Literata||||||||&#8221; header_2_font=&#8221;Literata|500||on|||||&#8221; header_2_text_align=&#8221;center&#8221; header_2_font_size=&#8221;60px&#8221; header_2_letter_spacing=&#8221;2px&#8221; header_2_line_height=&#8221;1.5em&#8221; header_5_font=&#8221;Oswald|||on|||||&#8221; header_5_font_size=&#8221;18px&#8221; header_5_letter_spacing=&#8221;3px&#8221; header_5_line_height=&#8221;1.5em&#8221; background_color=&#8221;rgba(0,37,112,0.41)&#8221; text_orientation=&#8221;center&#8221; background_layout=&#8221;dark&#8221; max_width=&#8221;800px&#8221; module_alignment=&#8221;center&#8221; header_2_font_size_tablet=&#8221;60px&#8221; header_2_font_size_phone=&#8221;30px&#8221; header_2_font_size_last_edited=&#8221;on|phone&#8221; header_5_line_height_last_edited=&#8221;off|desktop&#8221; box_shadow_style=&#8221;preset1&#8243; box_shadow_color=&#8221;#002570&#8243; global_colors_info=&#8221;{}&#8221;]<\/p>\n<h5>chod\u017a ze mn\u0105!<\/h5>\n<h2>zaplanuj idealn\u0105 lekcj\u0119<br \/>ju\u017c dzi\u015b!<\/h2>\n<p>[\/et_pb_text][et_pb_button button_text=&#8221;skontaktuj si\u0119&#8221; button_alignment=&#8221;center&#8221; _builder_version=&#8221;4.10.5&#8243; custom_button=&#8221;on&#8221; button_text_size=&#8221;14px&#8221; button_text_color=&#8221;#ed1163&#8243; button_bg_color=&#8221;#ffffff&#8221; button_border_width=&#8221;12px&#8221; button_border_color=&#8221;#ffffff&#8221; button_border_radius=&#8221;0px&#8221; button_letter_spacing=&#8221;5px&#8221; button_font=&#8221;Roboto|700||on|||||&#8221; custom_margin=&#8221;|||&#8221; custom_margin_tablet=&#8221;30px|||&#8221; custom_margin_phone=&#8221;|||&#8221; custom_margin_last_edited=&#8221;off|desktop&#8221; custom_padding=&#8221;|||&#8221; hover_enabled=&#8221;0&#8243; global_colors_info=&#8221;{}&#8221; button_text_size__hover_enabled=&#8221;off&#8221; button_one_text_size__hover_enabled=&#8221;off&#8221; button_two_text_size__hover_enabled=&#8221;off&#8221; button_text_color__hover_enabled=&#8221;off&#8221; button_one_text_color__hover_enabled=&#8221;off&#8221; button_two_text_color__hover_enabled=&#8221;off&#8221; button_border_width__hover_enabled=&#8221;off&#8221; button_one_border_width__hover_enabled=&#8221;off&#8221; button_two_border_width__hover_enabled=&#8221;off&#8221; button_border_color__hover_enabled=&#8221;off&#8221; button_one_border_color__hover_enabled=&#8221;off&#8221; button_two_border_color__hover_enabled=&#8221;off&#8221; button_border_radius__hover_enabled=&#8221;off&#8221; button_one_border_radius__hover_enabled=&#8221;off&#8221; button_two_border_radius__hover_enabled=&#8221;off&#8221; button_letter_spacing__hover_enabled=&#8221;off&#8221; button_one_letter_spacing__hover_enabled=&#8221;off&#8221; button_two_letter_spacing__hover_enabled=&#8221;off&#8221; button_bg_color__hover_enabled=&#8221;off&#8221; button_one_bg_color__hover_enabled=&#8221;off&#8221; button_two_bg_color__hover_enabled=&#8221;off&#8221; button_url=&#8221;mailto:myidziemy@gmail.com&#8221; sticky_enabled=&#8221;0&#8243;][\/et_pb_button][\/et_pb_column][\/et_pb_row][\/et_pb_section]<\/p>\n","protected":false},"excerpt":{"rendered":"<p>Idzie.my GaleriaSpacerGra terenowaWarsztatychod\u017a ze mn\u0105! zaplanuj idealn\u0105 lekcj\u0119ju\u017c dzi\u015b!<\/p>\n","protected":false},"author":3,"featured_media":0,"parent":0,"menu_order":0,"comment_status":"closed","ping_status":"closed","template":"page-template-blank.php","meta":{"_et_pb_use_builder":"on","_et_pb_old_content":"","_et_gb_content_width":"","_exactmetrics_skip_tracking":false,"_exactmetrics_sitenote_active":false,"_exactmetrics_sitenote_note":"","_exactmetrics_sitenote_category":0,"footnotes":""},"class_list":["post-1220","page","type-page","status-publish","hentry"],"yoast_head":"<!-- This site is optimized with the Yoast SEO plugin v27.4 - https:\/\/yoast.com\/product\/yoast-seo-wordpress\/ -->\n<title>Galeria - IDZIE.MY<\/title>\n<meta name=\"robots\" content=\"index, follow, max-snippet:-1, max-image-preview:large, max-video-preview:-1\" \/>\n<link rel=\"canonical\" href=\"https:\/\/myidziemy.pl\/index.php\/galeria-2\/\" \/>\n<meta property=\"og:locale\" content=\"pl_PL\" \/>\n<meta property=\"og:type\" content=\"article\" \/>\n<meta property=\"og:title\" content=\"Galeria - IDZIE.MY\" \/>\n<meta property=\"og:description\" content=\"Idzie.my GaleriaSpacerGra terenowaWarsztatychod\u017a ze mn\u0105! zaplanuj idealn\u0105 lekcj\u0119ju\u017c dzi\u015b!\" \/>\n<meta property=\"og:url\" content=\"https:\/\/myidziemy.pl\/index.php\/galeria-2\/\" \/>\n<meta property=\"og:site_name\" content=\"IDZIE.MY\" \/>\n<meta property=\"article:publisher\" content=\"https:\/\/www.facebook.com\/idzie.myzksiazkaprzezwarszawe\/\" \/>\n<meta property=\"article:modified_time\" content=\"2024-11-24T19:44:46+00:00\" \/>\n<meta name=\"twitter:card\" content=\"summary_large_image\" \/>\n<meta name=\"twitter:label1\" content=\"Szacowany czas czytania\" \/>\n\t<meta name=\"twitter:data1\" content=\"6 minut\" \/>\n<script type=\"application\/ld+json\" class=\"yoast-schema-graph\">{\"@context\":\"https:\\\/\\\/schema.org\",\"@graph\":[{\"@type\":\"WebPage\",\"@id\":\"https:\\\/\\\/myidziemy.pl\\\/index.php\\\/galeria-2\\\/\",\"url\":\"https:\\\/\\\/myidziemy.pl\\\/index.php\\\/galeria-2\\\/\",\"name\":\"Galeria - IDZIE.MY\",\"isPartOf\":{\"@id\":\"https:\\\/\\\/myidziemy.pl\\\/#website\"},\"datePublished\":\"2024-08-15T16:42:29+00:00\",\"dateModified\":\"2024-11-24T19:44:46+00:00\",\"breadcrumb\":{\"@id\":\"https:\\\/\\\/myidziemy.pl\\\/index.php\\\/galeria-2\\\/#breadcrumb\"},\"inLanguage\":\"pl-PL\",\"potentialAction\":[{\"@type\":\"ReadAction\",\"target\":[\"https:\\\/\\\/myidziemy.pl\\\/index.php\\\/galeria-2\\\/\"]}]},{\"@type\":\"BreadcrumbList\",\"@id\":\"https:\\\/\\\/myidziemy.pl\\\/index.php\\\/galeria-2\\\/#breadcrumb\",\"itemListElement\":[{\"@type\":\"ListItem\",\"position\":1,\"name\":\"Strona g\u0142\u00f3wna\",\"item\":\"https:\\\/\\\/myidziemy.pl\\\/\"},{\"@type\":\"ListItem\",\"position\":2,\"name\":\"Galeria\"}]},{\"@type\":\"WebSite\",\"@id\":\"https:\\\/\\\/myidziemy.pl\\\/#website\",\"url\":\"https:\\\/\\\/myidziemy.pl\\\/\",\"name\":\"IDZIE.MY gry miejskie dla szk\u00f3\u0142 Warszawa\",\"description\":\"Idzie.MY z ksi\u0105\u017ck\u0105 przez Warszaw\u0119\",\"publisher\":{\"@id\":\"https:\\\/\\\/myidziemy.pl\\\/#organization\"},\"potentialAction\":[{\"@type\":\"SearchAction\",\"target\":{\"@type\":\"EntryPoint\",\"urlTemplate\":\"https:\\\/\\\/myidziemy.pl\\\/?s={search_term_string}\"},\"query-input\":{\"@type\":\"PropertyValueSpecification\",\"valueRequired\":true,\"valueName\":\"search_term_string\"}}],\"inLanguage\":\"pl-PL\"},{\"@type\":\"Organization\",\"@id\":\"https:\\\/\\\/myidziemy.pl\\\/#organization\",\"name\":\"IDZIE.MY\",\"url\":\"https:\\\/\\\/myidziemy.pl\\\/\",\"logo\":{\"@type\":\"ImageObject\",\"inLanguage\":\"pl-PL\",\"@id\":\"https:\\\/\\\/myidziemy.pl\\\/#\\\/schema\\\/logo\\\/image\\\/\",\"url\":\"https:\\\/\\\/myidziemy.pl\\\/wp-content\\\/uploads\\\/2020\\\/01\\\/logo.gif\",\"contentUrl\":\"https:\\\/\\\/myidziemy.pl\\\/wp-content\\\/uploads\\\/2020\\\/01\\\/logo.gif\",\"width\":512,\"height\":512,\"caption\":\"IDZIE.MY\"},\"image\":{\"@id\":\"https:\\\/\\\/myidziemy.pl\\\/#\\\/schema\\\/logo\\\/image\\\/\"},\"sameAs\":[\"https:\\\/\\\/www.facebook.com\\\/idzie.myzksiazkaprzezwarszawe\\\/\",\"https:\\\/\\\/www.instagram.com\\\/idzie.my\\\/\"]}]}<\/script>\n<!-- \/ Yoast SEO plugin. -->","yoast_head_json":{"title":"Galeria - IDZIE.MY","robots":{"index":"index","follow":"follow","max-snippet":"max-snippet:-1","max-image-preview":"max-image-preview:large","max-video-preview":"max-video-preview:-1"},"canonical":"https:\/\/myidziemy.pl\/index.php\/galeria-2\/","og_locale":"pl_PL","og_type":"article","og_title":"Galeria - IDZIE.MY","og_description":"Idzie.my GaleriaSpacerGra terenowaWarsztatychod\u017a ze mn\u0105! zaplanuj idealn\u0105 lekcj\u0119ju\u017c dzi\u015b!","og_url":"https:\/\/myidziemy.pl\/index.php\/galeria-2\/","og_site_name":"IDZIE.MY","article_publisher":"https:\/\/www.facebook.com\/idzie.myzksiazkaprzezwarszawe\/","article_modified_time":"2024-11-24T19:44:46+00:00","twitter_card":"summary_large_image","twitter_misc":{"Szacowany czas czytania":"6 minut"},"schema":{"@context":"https:\/\/schema.org","@graph":[{"@type":"WebPage","@id":"https:\/\/myidziemy.pl\/index.php\/galeria-2\/","url":"https:\/\/myidziemy.pl\/index.php\/galeria-2\/","name":"Galeria - IDZIE.MY","isPartOf":{"@id":"https:\/\/myidziemy.pl\/#website"},"datePublished":"2024-08-15T16:42:29+00:00","dateModified":"2024-11-24T19:44:46+00:00","breadcrumb":{"@id":"https:\/\/myidziemy.pl\/index.php\/galeria-2\/#breadcrumb"},"inLanguage":"pl-PL","potentialAction":[{"@type":"ReadAction","target":["https:\/\/myidziemy.pl\/index.php\/galeria-2\/"]}]},{"@type":"BreadcrumbList","@id":"https:\/\/myidziemy.pl\/index.php\/galeria-2\/#breadcrumb","itemListElement":[{"@type":"ListItem","position":1,"name":"Strona g\u0142\u00f3wna","item":"https:\/\/myidziemy.pl\/"},{"@type":"ListItem","position":2,"name":"Galeria"}]},{"@type":"WebSite","@id":"https:\/\/myidziemy.pl\/#website","url":"https:\/\/myidziemy.pl\/","name":"IDZIE.MY gry miejskie dla szk\u00f3\u0142 Warszawa","description":"Idzie.MY z ksi\u0105\u017ck\u0105 przez Warszaw\u0119","publisher":{"@id":"https:\/\/myidziemy.pl\/#organization"},"potentialAction":[{"@type":"SearchAction","target":{"@type":"EntryPoint","urlTemplate":"https:\/\/myidziemy.pl\/?s={search_term_string}"},"query-input":{"@type":"PropertyValueSpecification","valueRequired":true,"valueName":"search_term_string"}}],"inLanguage":"pl-PL"},{"@type":"Organization","@id":"https:\/\/myidziemy.pl\/#organization","name":"IDZIE.MY","url":"https:\/\/myidziemy.pl\/","logo":{"@type":"ImageObject","inLanguage":"pl-PL","@id":"https:\/\/myidziemy.pl\/#\/schema\/logo\/image\/","url":"https:\/\/myidziemy.pl\/wp-content\/uploads\/2020\/01\/logo.gif","contentUrl":"https:\/\/myidziemy.pl\/wp-content\/uploads\/2020\/01\/logo.gif","width":512,"height":512,"caption":"IDZIE.MY"},"image":{"@id":"https:\/\/myidziemy.pl\/#\/schema\/logo\/image\/"},"sameAs":["https:\/\/www.facebook.com\/idzie.myzksiazkaprzezwarszawe\/","https:\/\/www.instagram.com\/idzie.my\/"]}]}},"_links":{"self":[{"href":"https:\/\/myidziemy.pl\/index.php\/wp-json\/wp\/v2\/pages\/1220","targetHints":{"allow":["GET"]}}],"collection":[{"href":"https:\/\/myidziemy.pl\/index.php\/wp-json\/wp\/v2\/pages"}],"about":[{"href":"https:\/\/myidziemy.pl\/index.php\/wp-json\/wp\/v2\/types\/page"}],"author":[{"embeddable":true,"href":"https:\/\/myidziemy.pl\/index.php\/wp-json\/wp\/v2\/users\/3"}],"replies":[{"embeddable":true,"href":"https:\/\/myidziemy.pl\/index.php\/wp-json\/wp\/v2\/comments?post=1220"}],"version-history":[{"count":2,"href":"https:\/\/myidziemy.pl\/index.php\/wp-json\/wp\/v2\/pages\/1220\/revisions"}],"predecessor-version":[{"id":1367,"href":"https:\/\/myidziemy.pl\/index.php\/wp-json\/wp\/v2\/pages\/1220\/revisions\/1367"}],"wp:attachment":[{"href":"https:\/\/myidziemy.pl\/index.php\/wp-json\/wp\/v2\/media?parent=1220"}],"curies":[{"name":"wp","href":"https:\/\/api.w.org\/{rel}","templated":true}]}}